{"id":2886,"date":"2017-08-31T20:56:07","date_gmt":"2017-08-31T18:56:07","guid":{"rendered":"http:\/\/www.dumstepankanetolickeho.cz\/kontakty\/"},"modified":"2021-02-05T14:12:52","modified_gmt":"2021-02-05T13:12:52","slug":"contacts","status":"publish","type":"page","link":"https:\/\/www.dumstepankanetolickeho.cz\/en\/contacts\/","title":{"rendered":"Contacts"},"content":{"rendered":"<p>[vc_row gap=&#8221;30&#8243;][vc_column width=&#8221;1\/2&#8243;][vc_column_text]<strong>Opening hours in \u0160t\u011bp\u00e1nek Netolick\u00fd House\u00a0 \u00a0 \u00a0 \u00a0 \u00a0 \u00a0 \u00a0 \u00a0 \u00a0 \u00a0 \u00a0<\/strong><\/p>\n<p>November to March, Wednesday to Sunday 10 a.m. &#8211; 12 a.m. and 1 p.m. &#8211; 4 p.m.<br \/>\nApril and October, Wednesday to Sunday 10 a.m. &#8211; 12 a.m. and 1 p.m. &#8211; 5 p.m.\u00a0 \u00a0 \u00a0 \u00a0 \u00a0 \u00a0 \u00a0 \u00a0 \u00a0 \u00a0 \u00a0 \u00a0 \u00a0 \u00a0 \u00a0 \u00a0 \u00a0 \u00a0 \u00a0 \u00a0 \u00a0 \u00a0 \u00a0 \u00a0 \u00a0 \u00a0 \u00a0 \u00a0 \u00a0 \u00a0 \u00a0 \u00a0 \u00a0 \u00a0 \u00a0 \u00a0 \u00a0 \u00a0 \u00a0 \u00a0 \u00a0 \u00a0 \u00a0 \u00a0 \u00a0 \u00a0 \u00a0 \u00a0 \u00a0 \u00a0 \u00a0 \u00a0 \u00a0 \u00a0 \u00a0 \u00a0 \u00a0 \u00a0 \u00a0 \u00a0 \u00a0 \u00a0 May and September, Monday to Saturday 10 a.m. &#8211; 12 a.m. and 1 p.m. &#8211; 5 p.m.<br \/>\nJune to August, Monday to Saturday 10 a.m. &#8211; 5 p.m.<\/p>\n<p><strong>Admission fees<br \/>\n<\/strong>Adults &#8211; CZK 70<br \/>\nChildren, students, seniors and disabled &#8211; CZK 40<br \/>\nFamily ticket (2 adults + 1-3 children) &#8211; CZK 180<br \/>\nSchool groups &#8211; CZK 25<br \/>\nChildren up to 6 years, leaders of school groups, disabled with a&nbsp;guide &#8211; free admission<\/p>\n<p><strong>Joint discounted admission to \u0160t\u011bp\u00e1nek Netolick\u00fd House and the House of Nature<br \/>\n<\/strong>Adults &#8211; CZK 90<br \/>\nChildren, students, seniors and disabled &#8211; CZK 50<br \/>\nFamily ticket (2 adults + 1-3 children) &#8211; CZK 230<br \/>\nSchool groups &#8211; CZK 40<br \/>\nChildren up to 6 years, leaders of school groups, disabled with a&nbsp;guide &#8211; free admission<\/p>\n<p><strong>Joint discounted admission to 3 buildings: \u0160t\u011bp\u00e1nek Netolick\u00fd House, T\u0159ebo\u0148 in Marzipan Gallery and Bohemia Regent Brewery T\u0159ebo\u0148<br \/>\n<\/strong>Single (1 adult) &#8211; CZK 230<br \/>\nFamily (2 adults + 1-3 children) &#8211; CZK 600[\/vc_column_text][\/vc_column][vc_column width=&#8221;1\/2&#8243;][vc_column_text]\u0160T\u011aP\u00c1NEK NETOLICK\u00dd HOUSE<\/p>\n<p>Masarykovo n\u00e1m\u011bst\u00ed 89\/I<br \/>\n379\u00a001 T\u0159ebo\u0148<\/p>\n<p>Tel: +420&nbsp;380\u00a0130\u00a0004<br \/>\ne-mail:\u00a0<a href=\"mailto:dum.stepanka.netolickeho@mesto-trebon.cz\">dum.stepanka.netolickeho@mesto-trebon.cz<\/a><\/p>\n<p><strong>Mgr. Pavla \u0158ezn\u00ed\u010dkov\u00e1, Ph.D.<br \/>\ne-mail:\u00a0<a href=\"mailto:lucie.kukackova@mesto-trebon.cz\">pavla.reznickova@mesto-trebon.cz<\/a><\/strong><br \/>\ncoordinator of the Centre of T\u0159ebo\u0148 Fishpond Building\u00a0Heritage in \u0160t\u011bp\u00e1nek\u00a0Netolick\u00fd House<br \/>\n<strong>Tel:\u00a0+420&nbsp;607&nbsp;222&nbsp;045<br \/>\ne-mail:\u00a0<a href=\"mailto:lucie.kukackova@mesto-trebon.cz\">pavla.reznickova@mesto-trebon.cz<\/a><\/strong><\/p>\n<p><strong>Jana V\u00edtkov\u00e1\u00a0<\/strong><br \/>\nassistant in the Centre of T\u0159ebo\u0148 Fishpond Building\u00a0Heritage in \u0160t\u011bp\u00e1nek\u00a0Netolick\u00fd House<br \/>\nTel: +420\u00a0725\u00a0117\u00a0840<br \/>\ne-mail:\u00a0<a href=\"mailto:jana.vitkova@mesto-trebon.cz\">jana.vitkova@mesto-trebon.cz<\/a>[\/vc_column_text][\/vc_column][\/vc_row]<\/p>\n","protected":false},"excerpt":{"rendered":"<p>[vc_row gap=&#8221;30&#8243;][vc_column width=&#8221;1\/2&#8243;][vc_column_text]Opening hours in \u0160t\u011bp\u00e1nek Netolick\u00fd House\u00a0 \u00a0 \u00a0 \u00a0 \u00a0 \u00a0 \u00a0 \u00a0 \u00a0 \u00a0 \u00a0 November to March, Wednesday to Sunday 10 a.m. &#8211; 12 a.m. and 1 p.m. &#8211; 4 p.m. April and October, Wednesday to Sunday 10 a.m. &#8211; 12 a.m. and 1 p.m. &#8211; 5 p.m.\u00a0 \u00a0 \u00a0 \u00a0 [&hellip;]<\/p>\n","protected":false},"author":1,"featured_media":0,"parent":0,"menu_order":38,"comment_status":"closed","ping_status":"open","template":"","meta":[],"yoast_head":"<!-- This site is optimized with the Yoast SEO plugin v15.5 - https:\/\/yoast.com\/wordpress\/plugins\/seo\/ -->\n<meta name=\"robots\" content=\"index, follow, max-snippet:-1, max-image-preview:large, max-video-preview:-1\" \/>\n<link rel=\"canonical\" href=\"https:\/\/www.dumstepankanetolickeho.cz\/en\/contacts\/\" \/>\n<meta property=\"og:locale\" content=\"en_US\" \/>\n<meta property=\"og:type\" content=\"article\" \/>\n<meta property=\"og:title\" content=\"Contacts | D\u016fm \u0160t\u011bp\u00e1nka Netolick\u00e9ho\" \/>\n<meta property=\"og:description\" content=\"[vc_row gap=&#8221;30&#8243;][vc_column width=&#8221;1\/2&#8243;][vc_column_text]Opening hours in \u0160t\u011bp\u00e1nek Netolick\u00fd House\u00a0 \u00a0 \u00a0 \u00a0 \u00a0 \u00a0 \u00a0 \u00a0 \u00a0 \u00a0 \u00a0 November to March, Wednesday to Sunday 10 a.m. &#8211; 12 a.m. and 1 p.m. &#8211; 4 p.m. April and October, Wednesday to Sunday 10 a.m. &#8211; 12 a.m. and 1 p.m. &#8211; 5 p.m.\u00a0 \u00a0 \u00a0 \u00a0 [&hellip;]\" \/>\n<meta property=\"og:url\" content=\"https:\/\/www.dumstepankanetolickeho.cz\/en\/contacts\/\" \/>\n<meta property=\"og:site_name\" content=\"D\u016fm \u0160t\u011bp\u00e1nka Netolick\u00e9ho\" \/>\n<meta property=\"article:modified_time\" content=\"2021-02-05T13:12:52+00:00\" \/>\n<meta name=\"twitter:card\" content=\"summary\" \/>\n<meta name=\"twitter:label1\" content=\"Est. reading time\">\n\t<meta name=\"twitter:data1\" content=\"1 minute\">\n<script type=\"application\/ld+json\" class=\"yoast-schema-graph\">{\"@context\":\"https:\/\/schema.org\",\"@graph\":[{\"@type\":\"WebSite\",\"@id\":\"https:\/\/www.dumstepankanetolickeho.cz\/#website\",\"url\":\"https:\/\/www.dumstepankanetolickeho.cz\/\",\"name\":\"D\\u016fm \\u0160t\\u011bp\\u00e1nka Netolick\\u00e9ho\",\"description\":\"Centrum T\\u0159ebo\\u0148sk\\u00e9ho rybn\\u00edk\\u00e1\\u0159sk\\u00e9ho d\\u011bdictv\\u00ed v dom\\u011b \\u0160t\\u011bp\\u00e1nka Netolick\\u00e9ho[:en]Dal\\u0161\\u00ed web pou\\u017e\\u00edvaj\\u00edc\\u00ed WordPress\",\"potentialAction\":[{\"@type\":\"SearchAction\",\"target\":\"https:\/\/www.dumstepankanetolickeho.cz\/?s={search_term_string}\",\"query-input\":\"required name=search_term_string\"}],\"inLanguage\":\"en-US\"},{\"@type\":\"WebPage\",\"@id\":\"https:\/\/www.dumstepankanetolickeho.cz\/en\/contacts\/#webpage\",\"url\":\"https:\/\/www.dumstepankanetolickeho.cz\/en\/contacts\/\",\"name\":\"Contacts | D\\u016fm \\u0160t\\u011bp\\u00e1nka Netolick\\u00e9ho\",\"isPartOf\":{\"@id\":\"https:\/\/www.dumstepankanetolickeho.cz\/#website\"},\"datePublished\":\"2017-08-31T18:56:07+00:00\",\"dateModified\":\"2021-02-05T13:12:52+00:00\",\"inLanguage\":\"en-US\",\"potentialAction\":[{\"@type\":\"ReadAction\",\"target\":[\"https:\/\/www.dumstepankanetolickeho.cz\/en\/contacts\/\"]}]}]}<\/script>\n<!-- \/ Yoast SEO plugin. -->","_links":{"self":[{"href":"https:\/\/www.dumstepankanetolickeho.cz\/en\/wp-json\/wp\/v2\/pages\/2886"}],"collection":[{"href":"https:\/\/www.dumstepankanetolickeho.cz\/en\/wp-json\/wp\/v2\/pages"}],"about":[{"href":"https:\/\/www.dumstepankanetolickeho.cz\/en\/wp-json\/wp\/v2\/types\/page"}],"author":[{"embeddable":true,"href":"https:\/\/www.dumstepankanetolickeho.cz\/en\/wp-json\/wp\/v2\/users\/1"}],"replies":[{"embeddable":true,"href":"https:\/\/www.dumstepankanetolickeho.cz\/en\/wp-json\/wp\/v2\/comments?post=2886"}],"version-history":[{"count":3,"href":"https:\/\/www.dumstepankanetolickeho.cz\/en\/wp-json\/wp\/v2\/pages\/2886\/revisions"}],"predecessor-version":[{"id":3003,"href":"https:\/\/www.dumstepankanetolickeho.cz\/en\/wp-json\/wp\/v2\/pages\/2886\/revisions\/3003"}],"wp:attachment":[{"href":"https:\/\/www.dumstepankanetolickeho.cz\/en\/wp-json\/wp\/v2\/media?parent=2886"}],"curies":[{"name":"wp","href":"https:\/\/api.w.org\/{rel}","templated":true}]}}