{"id":2854,"date":"2017-09-04T13:18:52","date_gmt":"2017-09-04T11:18:52","guid":{"rendered":"http:\/\/www.dumstepankanetolickeho.cz\/kalendar-akci\/"},"modified":"2020-12-15T16:50:23","modified_gmt":"2020-12-15T15:50:23","slug":"events-calendar","status":"publish","type":"page","link":"https:\/\/www.dumstepankanetolickeho.cz\/en\/events-calendar\/","title":{"rendered":"Events calendar"},"content":{"rendered":"","protected":false},"excerpt":{"rendered":"","protected":false},"author":1,"featured_media":0,"parent":0,"menu_order":25,"comment_status":"closed","ping_status":"closed","template":"template-kalendar.php","meta":[],"yoast_head":"<!-- This site is optimized with the Yoast SEO plugin v15.5 - https:\/\/yoast.com\/wordpress\/plugins\/seo\/ -->\n<meta name=\"robots\" content=\"index, follow, max-snippet:-1, max-image-preview:large, max-video-preview:-1\" \/>\n<link rel=\"canonical\" href=\"https:\/\/www.dumstepankanetolickeho.cz\/en\/events-calendar\/\" \/>\n<meta property=\"og:locale\" content=\"en_US\" \/>\n<meta property=\"og:type\" content=\"article\" \/>\n<meta property=\"og:title\" content=\"Events calendar | D\u016fm \u0160t\u011bp\u00e1nka Netolick\u00e9ho\" \/>\n<meta property=\"og:url\" content=\"https:\/\/www.dumstepankanetolickeho.cz\/en\/events-calendar\/\" \/>\n<meta property=\"og:site_name\" content=\"D\u016fm \u0160t\u011bp\u00e1nka Netolick\u00e9ho\" \/>\n<meta property=\"article:modified_time\" content=\"2020-12-15T15:50:23+00:00\" \/>\n<meta name=\"twitter:card\" content=\"summary\" \/>\n<script type=\"application\/ld+json\" class=\"yoast-schema-graph\">{\"@context\":\"https:\/\/schema.org\",\"@graph\":[{\"@type\":\"WebSite\",\"@id\":\"https:\/\/www.dumstepankanetolickeho.cz\/#website\",\"url\":\"https:\/\/www.dumstepankanetolickeho.cz\/\",\"name\":\"D\\u016fm \\u0160t\\u011bp\\u00e1nka Netolick\\u00e9ho\",\"description\":\"Centrum T\\u0159ebo\\u0148sk\\u00e9ho rybn\\u00edk\\u00e1\\u0159sk\\u00e9ho d\\u011bdictv\\u00ed v dom\\u011b \\u0160t\\u011bp\\u00e1nka Netolick\\u00e9ho[:en]Dal\\u0161\\u00ed web pou\\u017e\\u00edvaj\\u00edc\\u00ed WordPress\",\"potentialAction\":[{\"@type\":\"SearchAction\",\"target\":\"https:\/\/www.dumstepankanetolickeho.cz\/?s={search_term_string}\",\"query-input\":\"required name=search_term_string\"}],\"inLanguage\":\"en-US\"},{\"@type\":\"WebPage\",\"@id\":\"https:\/\/www.dumstepankanetolickeho.cz\/en\/events-calendar\/#webpage\",\"url\":\"https:\/\/www.dumstepankanetolickeho.cz\/en\/events-calendar\/\",\"name\":\"Events calendar | D\\u016fm \\u0160t\\u011bp\\u00e1nka Netolick\\u00e9ho\",\"isPartOf\":{\"@id\":\"https:\/\/www.dumstepankanetolickeho.cz\/#website\"},\"datePublished\":\"2017-09-04T11:18:52+00:00\",\"dateModified\":\"2020-12-15T15:50:23+00:00\",\"inLanguage\":\"en-US\",\"potentialAction\":[{\"@type\":\"ReadAction\",\"target\":[\"https:\/\/www.dumstepankanetolickeho.cz\/en\/events-calendar\/\"]}]}]}<\/script>\n<!-- \/ Yoast SEO plugin. -->","_links":{"self":[{"href":"https:\/\/www.dumstepankanetolickeho.cz\/en\/wp-json\/wp\/v2\/pages\/2854"}],"collection":[{"href":"https:\/\/www.dumstepankanetolickeho.cz\/en\/wp-json\/wp\/v2\/pages"}],"about":[{"href":"https:\/\/www.dumstepankanetolickeho.cz\/en\/wp-json\/wp\/v2\/types\/page"}],"author":[{"embeddable":true,"href":"https:\/\/www.dumstepankanetolickeho.cz\/en\/wp-json\/wp\/v2\/users\/1"}],"replies":[{"embeddable":true,"href":"https:\/\/www.dumstepankanetolickeho.cz\/en\/wp-json\/wp\/v2\/comments?post=2854"}],"version-history":[{"count":2,"href":"https:\/\/www.dumstepankanetolickeho.cz\/en\/wp-json\/wp\/v2\/pages\/2854\/revisions"}],"predecessor-version":[{"id":2861,"href":"https:\/\/www.dumstepankanetolickeho.cz\/en\/wp-json\/wp\/v2\/pages\/2854\/revisions\/2861"}],"wp:attachment":[{"href":"https:\/\/www.dumstepankanetolickeho.cz\/en\/wp-json\/wp\/v2\/media?parent=2854"}],"curies":[{"name":"wp","href":"https:\/\/api.w.org\/{rel}","templated":true}]}}