{"id":2846,"date":"2017-09-04T13:22:21","date_gmt":"2017-09-04T11:22:21","guid":{"rendered":"http:\/\/www.dumstepankanetolickeho.cz\/caste-dotazy\/"},"modified":"2020-12-15T16:50:31","modified_gmt":"2020-12-15T15:50:31","slug":"faq","status":"publish","type":"page","link":"https:\/\/www.dumstepankanetolickeho.cz\/en\/faq\/","title":{"rendered":"FAQ"},"content":{"rendered":"<p>[vc_row][vc_column][vc_tta_accordion shape=&#8221;square&#8221; gap=&#8221;10&#8243; active_section=&#8221;1&#8243;][vc_tta_section title=&#8221;IS IT POSSIBLE TO BOOK A TOUR OF THE PERMANENT EXHIBITION AND \u0160T\u011aP\u00c1NEK NETOLICK\u00dd HOUSE IN ADVANCE? &#8221; tab_id=&#8221;1508333756781-08ebceb7-f5eb&#8221;][vc_column_text]Yes, it is advisable to book tours in advance so that we are able to prepare for your visit and provide the tour guide for you.[\/vc_column_text][\/vc_tta_section][vc_tta_section title=&#8221;WHAT IS THE MAXIMUM NUMBER OF VISITORS FOR A GUIDED TOUR?&#8221; tab_id=&#8221;1508333756786-7ea804a5-74db&#8221;][vc_column_text]With regard to limited space in the permanent exhibition (e.g. the original vault of the house) is the optimal number of visitors in a&nbsp;group up to 20.[\/vc_column_text][\/vc_tta_section][\/vc_tta_accordion][\/vc_column][\/vc_row]<\/p>\n","protected":false},"excerpt":{"rendered":"<p>[vc_row][vc_column][vc_tta_accordion shape=&#8221;square&#8221; gap=&#8221;10&#8243; active_section=&#8221;1&#8243;][vc_tta_section title=&#8221;IS IT POSSIBLE TO BOOK A TOUR OF THE PERMANENT EXHIBITION AND \u0160T\u011aP\u00c1NEK NETOLICK\u00dd HOUSE IN ADVANCE? &#8221; tab_id=&#8221;1508333756781-08ebceb7-f5eb&#8221;][vc_column_text]Yes, it is advisable to book tours in advance so that we are able to prepare for your visit and provide the tour guide for you.[\/vc_column_text][\/vc_tta_section][vc_tta_section title=&#8221;WHAT IS THE MAXIMUM NUMBER OF VISITORS [&hellip;]<\/p>\n","protected":false},"author":1,"featured_media":0,"parent":0,"menu_order":21,"comment_status":"closed","ping_status":"closed","template":"","meta":[],"yoast_head":"<!-- This site is optimized with the Yoast SEO plugin v15.5 - https:\/\/yoast.com\/wordpress\/plugins\/seo\/ -->\n<meta name=\"robots\" content=\"index, follow, max-snippet:-1, max-image-preview:large, max-video-preview:-1\" \/>\n<link rel=\"canonical\" href=\"https:\/\/www.dumstepankanetolickeho.cz\/en\/faq\/\" \/>\n<meta property=\"og:locale\" content=\"en_US\" \/>\n<meta property=\"og:type\" content=\"article\" \/>\n<meta property=\"og:title\" content=\"FAQ | D\u016fm \u0160t\u011bp\u00e1nka Netolick\u00e9ho\" \/>\n<meta property=\"og:description\" content=\"[vc_row][vc_column][vc_tta_accordion shape=&#8221;square&#8221; gap=&#8221;10&#8243; active_section=&#8221;1&#8243;][vc_tta_section title=&#8221;IS IT POSSIBLE TO BOOK A TOUR OF THE PERMANENT EXHIBITION AND \u0160T\u011aP\u00c1NEK NETOLICK\u00dd HOUSE IN ADVANCE? &#8221; tab_id=&#8221;1508333756781-08ebceb7-f5eb&#8221;][vc_column_text]Yes, it is advisable to book tours in advance so that we are able to prepare for your visit and provide the tour guide for you.[\/vc_column_text][\/vc_tta_section][vc_tta_section title=&#8221;WHAT IS THE MAXIMUM NUMBER OF VISITORS [&hellip;]\" \/>\n<meta property=\"og:url\" content=\"https:\/\/www.dumstepankanetolickeho.cz\/en\/faq\/\" \/>\n<meta property=\"og:site_name\" content=\"D\u016fm \u0160t\u011bp\u00e1nka Netolick\u00e9ho\" \/>\n<meta property=\"article:modified_time\" content=\"2020-12-15T15:50:31+00:00\" \/>\n<meta name=\"twitter:card\" content=\"summary\" \/>\n<meta name=\"twitter:label1\" content=\"Est. reading time\">\n\t<meta name=\"twitter:data1\" content=\"1 minute\">\n<script type=\"application\/ld+json\" class=\"yoast-schema-graph\">{\"@context\":\"https:\/\/schema.org\",\"@graph\":[{\"@type\":\"WebSite\",\"@id\":\"https:\/\/www.dumstepankanetolickeho.cz\/#website\",\"url\":\"https:\/\/www.dumstepankanetolickeho.cz\/\",\"name\":\"D\\u016fm \\u0160t\\u011bp\\u00e1nka Netolick\\u00e9ho\",\"description\":\"Centrum T\\u0159ebo\\u0148sk\\u00e9ho rybn\\u00edk\\u00e1\\u0159sk\\u00e9ho d\\u011bdictv\\u00ed v dom\\u011b \\u0160t\\u011bp\\u00e1nka Netolick\\u00e9ho[:en]Dal\\u0161\\u00ed web pou\\u017e\\u00edvaj\\u00edc\\u00ed WordPress\",\"potentialAction\":[{\"@type\":\"SearchAction\",\"target\":\"https:\/\/www.dumstepankanetolickeho.cz\/?s={search_term_string}\",\"query-input\":\"required name=search_term_string\"}],\"inLanguage\":\"en-US\"},{\"@type\":\"WebPage\",\"@id\":\"https:\/\/www.dumstepankanetolickeho.cz\/en\/faq\/#webpage\",\"url\":\"https:\/\/www.dumstepankanetolickeho.cz\/en\/faq\/\",\"name\":\"FAQ | D\\u016fm \\u0160t\\u011bp\\u00e1nka Netolick\\u00e9ho\",\"isPartOf\":{\"@id\":\"https:\/\/www.dumstepankanetolickeho.cz\/#website\"},\"datePublished\":\"2017-09-04T11:22:21+00:00\",\"dateModified\":\"2020-12-15T15:50:31+00:00\",\"inLanguage\":\"en-US\",\"potentialAction\":[{\"@type\":\"ReadAction\",\"target\":[\"https:\/\/www.dumstepankanetolickeho.cz\/en\/faq\/\"]}]}]}<\/script>\n<!-- \/ Yoast SEO plugin. -->","_links":{"self":[{"href":"https:\/\/www.dumstepankanetolickeho.cz\/en\/wp-json\/wp\/v2\/pages\/2846"}],"collection":[{"href":"https:\/\/www.dumstepankanetolickeho.cz\/en\/wp-json\/wp\/v2\/pages"}],"about":[{"href":"https:\/\/www.dumstepankanetolickeho.cz\/en\/wp-json\/wp\/v2\/types\/page"}],"author":[{"embeddable":true,"href":"https:\/\/www.dumstepankanetolickeho.cz\/en\/wp-json\/wp\/v2\/users\/1"}],"replies":[{"embeddable":true,"href":"https:\/\/www.dumstepankanetolickeho.cz\/en\/wp-json\/wp\/v2\/comments?post=2846"}],"version-history":[{"count":1,"href":"https:\/\/www.dumstepankanetolickeho.cz\/en\/wp-json\/wp\/v2\/pages\/2846\/revisions"}],"predecessor-version":[{"id":2850,"href":"https:\/\/www.dumstepankanetolickeho.cz\/en\/wp-json\/wp\/v2\/pages\/2846\/revisions\/2850"}],"wp:attachment":[{"href":"https:\/\/www.dumstepankanetolickeho.cz\/en\/wp-json\/wp\/v2\/media?parent=2846"}],"curies":[{"name":"wp","href":"https:\/\/api.w.org\/{rel}","templated":true}]}}