{"id":2132,"date":"2020-12-15T16:34:05","date_gmt":"2020-12-15T15:34:05","guid":{"rendered":"http:\/\/www.dumstepankanetolickeho.cz\/?page_id=2132"},"modified":"2022-11-25T14:28:23","modified_gmt":"2022-11-25T13:28:23","slug":"opening-hours","status":"publish","type":"page","link":"https:\/\/www.dumstepankanetolickeho.cz\/en\/opening-hours\/","title":{"rendered":"Opening hours"},"content":{"rendered":"<p><strong>Opening hours in \u0160t\u011bp\u00e1nek Netolick\u00fd House<br \/>\n<\/strong>November to March, Wednesday to Sunday 10 a.m. &#8211; 12 a.m. and 1 p.m. &#8211; 4 p.m.<br \/>\nApril and October, Wednesday to Sunday 10 a.m. &#8211; 12 a.m. and 1 p.m. &#8211; 5 p.m.<br \/>\nMay and September, Monday to Saturday 10 a.m. &#8211; 12 a.m. and 1 p.m. &#8211; 5 p.m.<br \/>\nJune to August, Monday to Saturday 10 a.m. &#8211; 5 p.m.<\/p>\n<p><strong>Admission fees<br \/>\n<\/strong>Adults &#8211; CZK 70<br \/>\nChildren, students, seniors and disabled &#8211; CZK 40<br \/>\nFamily ticket (2 adults + 1-3 children) &#8211; CZK 180<br \/>\nSchool groups &#8211; CZK 25<br \/>\nChildren up to 6 years, leaders of school groups, disabled with a&nbsp;guide &#8211; free admission<\/p>\n<p><strong>Joint discounted admission to \u0160t\u011bp\u00e1nek Netolick\u00fd House and the House of Nature<br \/>\n<\/strong>Adults &#8211; CZK 90<br \/>\nChildren, students, seniors and disabled &#8211; CZK 50<br \/>\nFamily ticket (2 adults + 1-3 children) &#8211; CZK 230<br \/>\nSchool groups &#8211; CZK 40<\/p>\n<p>Children up to 6 years, leaders of school groups, disabled with a&nbsp;guide &#8211; free admission<\/p>\n<p>&nbsp;<\/p>\n","protected":false},"excerpt":{"rendered":"<p>Opening hours in \u0160t\u011bp\u00e1nek Netolick\u00fd House November to March, Wednesday to Sunday 10 a.m. &#8211; 12 a.m. and 1 p.m. &#8211; 4 p.m. April and October, Wednesday to Sunday 10 a.m. &#8211; 12 a.m. and 1 p.m. &#8211; 5 p.m. May and September, Monday to Saturday 10 a.m. &#8211; 12 a.m. and 1 p.m. &#8211; [&hellip;]<\/p>\n","protected":false},"author":5,"featured_media":0,"parent":0,"menu_order":8,"comment_status":"closed","ping_status":"closed","template":"","meta":[],"yoast_head":"<!-- This site is optimized with the Yoast SEO plugin v15.5 - https:\/\/yoast.com\/wordpress\/plugins\/seo\/ -->\n<meta name=\"robots\" content=\"index, follow, max-snippet:-1, max-image-preview:large, max-video-preview:-1\" \/>\n<link rel=\"canonical\" href=\"https:\/\/www.dumstepankanetolickeho.cz\/en\/opening-hours\/\" \/>\n<meta property=\"og:locale\" content=\"en_US\" \/>\n<meta property=\"og:type\" content=\"article\" \/>\n<meta property=\"og:title\" content=\"Opening hours | D\u016fm \u0160t\u011bp\u00e1nka Netolick\u00e9ho\" \/>\n<meta property=\"og:description\" content=\"Opening hours in \u0160t\u011bp\u00e1nek Netolick\u00fd House November to March, Wednesday to Sunday 10 a.m. &#8211; 12 a.m. and 1 p.m. &#8211; 4 p.m. April and October, Wednesday to Sunday 10 a.m. &#8211; 12 a.m. and 1 p.m. &#8211; 5 p.m. May and September, Monday to Saturday 10 a.m. &#8211; 12 a.m. and 1 p.m. &#8211; [&hellip;]\" \/>\n<meta property=\"og:url\" content=\"https:\/\/www.dumstepankanetolickeho.cz\/en\/opening-hours\/\" \/>\n<meta property=\"og:site_name\" content=\"D\u016fm \u0160t\u011bp\u00e1nka Netolick\u00e9ho\" \/>\n<meta property=\"article:modified_time\" content=\"2022-11-25T13:28:23+00:00\" \/>\n<meta name=\"twitter:card\" content=\"summary\" \/>\n<meta name=\"twitter:label1\" content=\"Est. reading time\">\n\t<meta name=\"twitter:data1\" content=\"1 minute\">\n<script type=\"application\/ld+json\" class=\"yoast-schema-graph\">{\"@context\":\"https:\/\/schema.org\",\"@graph\":[{\"@type\":\"WebSite\",\"@id\":\"https:\/\/www.dumstepankanetolickeho.cz\/#website\",\"url\":\"https:\/\/www.dumstepankanetolickeho.cz\/\",\"name\":\"D\\u016fm \\u0160t\\u011bp\\u00e1nka Netolick\\u00e9ho\",\"description\":\"Centrum T\\u0159ebo\\u0148sk\\u00e9ho rybn\\u00edk\\u00e1\\u0159sk\\u00e9ho d\\u011bdictv\\u00ed v dom\\u011b \\u0160t\\u011bp\\u00e1nka Netolick\\u00e9ho[:en]Dal\\u0161\\u00ed web pou\\u017e\\u00edvaj\\u00edc\\u00ed WordPress\",\"potentialAction\":[{\"@type\":\"SearchAction\",\"target\":\"https:\/\/www.dumstepankanetolickeho.cz\/?s={search_term_string}\",\"query-input\":\"required name=search_term_string\"}],\"inLanguage\":\"en-US\"},{\"@type\":\"WebPage\",\"@id\":\"https:\/\/www.dumstepankanetolickeho.cz\/en\/opening-hours\/#webpage\",\"url\":\"https:\/\/www.dumstepankanetolickeho.cz\/en\/opening-hours\/\",\"name\":\"Opening hours | D\\u016fm \\u0160t\\u011bp\\u00e1nka Netolick\\u00e9ho\",\"isPartOf\":{\"@id\":\"https:\/\/www.dumstepankanetolickeho.cz\/#website\"},\"datePublished\":\"2020-12-15T15:34:05+00:00\",\"dateModified\":\"2022-11-25T13:28:23+00:00\",\"inLanguage\":\"en-US\",\"potentialAction\":[{\"@type\":\"ReadAction\",\"target\":[\"https:\/\/www.dumstepankanetolickeho.cz\/en\/opening-hours\/\"]}]}]}<\/script>\n<!-- \/ Yoast SEO plugin. -->","_links":{"self":[{"href":"https:\/\/www.dumstepankanetolickeho.cz\/en\/wp-json\/wp\/v2\/pages\/2132"}],"collection":[{"href":"https:\/\/www.dumstepankanetolickeho.cz\/en\/wp-json\/wp\/v2\/pages"}],"about":[{"href":"https:\/\/www.dumstepankanetolickeho.cz\/en\/wp-json\/wp\/v2\/types\/page"}],"author":[{"embeddable":true,"href":"https:\/\/www.dumstepankanetolickeho.cz\/en\/wp-json\/wp\/v2\/users\/5"}],"replies":[{"embeddable":true,"href":"https:\/\/www.dumstepankanetolickeho.cz\/en\/wp-json\/wp\/v2\/comments?post=2132"}],"version-history":[{"count":4,"href":"https:\/\/www.dumstepankanetolickeho.cz\/en\/wp-json\/wp\/v2\/pages\/2132\/revisions"}],"predecessor-version":[{"id":3846,"href":"https:\/\/www.dumstepankanetolickeho.cz\/en\/wp-json\/wp\/v2\/pages\/2132\/revisions\/3846"}],"wp:attachment":[{"href":"https:\/\/www.dumstepankanetolickeho.cz\/en\/wp-json\/wp\/v2\/media?parent=2132"}],"curies":[{"name":"wp","href":"https:\/\/api.w.org\/{rel}","templated":true}]}}