{"id":2879,"date":"2017-10-18T15:28:33","date_gmt":"2017-10-18T13:28:33","guid":{"rendered":"http:\/\/www.dumstepankanetolickeho.cz\/pro-skoly\/aktualni-nabidka-doprovodnych-programu\/"},"modified":"2020-12-15T16:50:01","modified_gmt":"2020-12-15T15:50:01","slug":"aktuelles-angebot-der-begleitprogramme","status":"publish","type":"page","link":"https:\/\/www.dumstepankanetolickeho.cz\/de\/fuer-schulen\/aktuelles-angebot-der-begleitprogramme\/","title":{"rendered":"Aktuelles angebot der begleitprogramme"},"content":{"rendered":"","protected":false},"excerpt":{"rendered":"","protected":false},"author":1,"featured_media":2394,"parent":2865,"menu_order":0,"comment_status":"closed","ping_status":"closed","template":"","meta":[],"yoast_head":"<!-- This site is optimized with the Yoast SEO plugin v15.5 - https:\/\/yoast.com\/wordpress\/plugins\/seo\/ -->\n<meta name=\"robots\" content=\"index, follow, max-snippet:-1, max-image-preview:large, max-video-preview:-1\" \/>\n<link rel=\"canonical\" href=\"https:\/\/www.dumstepankanetolickeho.cz\/de\/fuer-schulen\/aktuelles-angebot-der-begleitprogramme\/\" \/>\n<meta property=\"og:locale\" content=\"de_DE\" \/>\n<meta property=\"og:type\" content=\"article\" \/>\n<meta property=\"og:title\" content=\"Aktuelles angebot der begleitprogramme | D\u016fm \u0160t\u011bp\u00e1nka Netolick\u00e9ho\" \/>\n<meta property=\"og:url\" content=\"https:\/\/www.dumstepankanetolickeho.cz\/de\/fuer-schulen\/aktuelles-angebot-der-begleitprogramme\/\" \/>\n<meta property=\"og:site_name\" content=\"D\u016fm \u0160t\u011bp\u00e1nka Netolick\u00e9ho\" \/>\n<meta property=\"article:modified_time\" content=\"2020-12-15T15:50:01+00:00\" \/>\n<meta property=\"og:image\" content=\"https:\/\/www.dumstepankanetolickeho.cz\/wp-content\/uploads\/2018\/09\/IMG_0074.jpg\" \/>\n\t<meta property=\"og:image:width\" content=\"1000\" \/>\n\t<meta property=\"og:image:height\" content=\"750\" \/>\n<meta name=\"twitter:card\" content=\"summary\" \/>\n<script type=\"application\/ld+json\" class=\"yoast-schema-graph\">{\"@context\":\"https:\/\/schema.org\",\"@graph\":[{\"@type\":\"WebSite\",\"@id\":\"https:\/\/www.dumstepankanetolickeho.cz\/#website\",\"url\":\"https:\/\/www.dumstepankanetolickeho.cz\/\",\"name\":\"D\\u016fm \\u0160t\\u011bp\\u00e1nka Netolick\\u00e9ho\",\"description\":\"Centrum T\\u0159ebo\\u0148sk\\u00e9ho rybn\\u00edk\\u00e1\\u0159sk\\u00e9ho d\\u011bdictv\\u00ed v dom\\u011b \\u0160t\\u011bp\\u00e1nka Netolick\\u00e9ho[:en]Dal\\u0161\\u00ed web pou\\u017e\\u00edvaj\\u00edc\\u00ed WordPress\",\"potentialAction\":[{\"@type\":\"SearchAction\",\"target\":\"https:\/\/www.dumstepankanetolickeho.cz\/?s={search_term_string}\",\"query-input\":\"required name=search_term_string\"}],\"inLanguage\":\"de\"},{\"@type\":\"ImageObject\",\"@id\":\"https:\/\/www.dumstepankanetolickeho.cz\/de\/fuer-schulen\/aktuelles-angebot-der-begleitprogramme\/#primaryimage\",\"inLanguage\":\"de\",\"url\":\"https:\/\/www.dumstepankanetolickeho.cz\/wp-content\/uploads\/2018\/09\/IMG_0074.jpg\",\"width\":1000,\"height\":750},{\"@type\":\"WebPage\",\"@id\":\"https:\/\/www.dumstepankanetolickeho.cz\/de\/fuer-schulen\/aktuelles-angebot-der-begleitprogramme\/#webpage\",\"url\":\"https:\/\/www.dumstepankanetolickeho.cz\/de\/fuer-schulen\/aktuelles-angebot-der-begleitprogramme\/\",\"name\":\"Aktuelles angebot der begleitprogramme | D\\u016fm \\u0160t\\u011bp\\u00e1nka Netolick\\u00e9ho\",\"isPartOf\":{\"@id\":\"https:\/\/www.dumstepankanetolickeho.cz\/#website\"},\"primaryImageOfPage\":{\"@id\":\"https:\/\/www.dumstepankanetolickeho.cz\/de\/fuer-schulen\/aktuelles-angebot-der-begleitprogramme\/#primaryimage\"},\"datePublished\":\"2017-10-18T13:28:33+00:00\",\"dateModified\":\"2020-12-15T15:50:01+00:00\",\"inLanguage\":\"de\",\"potentialAction\":[{\"@type\":\"ReadAction\",\"target\":[\"https:\/\/www.dumstepankanetolickeho.cz\/de\/fuer-schulen\/aktuelles-angebot-der-begleitprogramme\/\"]}]}]}<\/script>\n<!-- \/ Yoast SEO plugin. -->","_links":{"self":[{"href":"https:\/\/www.dumstepankanetolickeho.cz\/de\/wp-json\/wp\/v2\/pages\/2879"}],"collection":[{"href":"https:\/\/www.dumstepankanetolickeho.cz\/de\/wp-json\/wp\/v2\/pages"}],"about":[{"href":"https:\/\/www.dumstepankanetolickeho.cz\/de\/wp-json\/wp\/v2\/types\/page"}],"author":[{"embeddable":true,"href":"https:\/\/www.dumstepankanetolickeho.cz\/de\/wp-json\/wp\/v2\/users\/1"}],"replies":[{"embeddable":true,"href":"https:\/\/www.dumstepankanetolickeho.cz\/de\/wp-json\/wp\/v2\/comments?post=2879"}],"version-history":[{"count":1,"href":"https:\/\/www.dumstepankanetolickeho.cz\/de\/wp-json\/wp\/v2\/pages\/2879\/revisions"}],"predecessor-version":[{"id":2902,"href":"https:\/\/www.dumstepankanetolickeho.cz\/de\/wp-json\/wp\/v2\/pages\/2879\/revisions\/2902"}],"up":[{"embeddable":true,"href":"https:\/\/www.dumstepankanetolickeho.cz\/de\/wp-json\/wp\/v2\/pages\/2865"}],"wp:featuredmedia":[{"embeddable":true,"href":"https:\/\/www.dumstepankanetolickeho.cz\/de\/wp-json\/wp\/v2\/media\/2394"}],"wp:attachment":[{"href":"https:\/\/www.dumstepankanetolickeho.cz\/de\/wp-json\/wp\/v2\/media?parent=2879"}],"curies":[{"name":"wp","href":"https:\/\/api.w.org\/{rel}","templated":true}]}}